{"id":226,"date":"2024-07-15T19:05:54","date_gmt":"2024-07-15T17:05:54","guid":{"rendered":"https:\/\/solid-rockband.de\/?page_id=226"},"modified":"2025-07-06T15:09:26","modified_gmt":"2025-07-06T13:09:26","slug":"fuer-veranstalter","status":"publish","type":"page","link":"https:\/\/solid-rockband.de\/index.php\/fuer-veranstalter\/","title":{"rendered":"F\u00fcr Veranstalter"},"content":{"rendered":"\n<figure class=\"wp-block-image size-large is-resized\"><img loading=\"lazy\" decoding=\"async\" width=\"1024\" height=\"432\" src=\"https:\/\/solid-rockband.de\/wp-content\/uploads\/2024\/01\/Solid-logo-1024x432.png\" alt=\"\" class=\"wp-image-12\" style=\"width:472px;height:auto\" srcset=\"https:\/\/solid-rockband.de\/wp-content\/uploads\/2024\/01\/Solid-logo-1024x432.png 1024w, https:\/\/solid-rockband.de\/wp-content\/uploads\/2024\/01\/Solid-logo-300x126.png 300w, https:\/\/solid-rockband.de\/wp-content\/uploads\/2024\/01\/Solid-logo-768x324.png 768w, https:\/\/solid-rockband.de\/wp-content\/uploads\/2024\/01\/Solid-logo.png 1241w\" sizes=\"auto, (max-width: 1024px) 100vw, 1024px\" \/><\/figure>\n\n\n\n<h2 class=\"wp-block-heading\">Info f\u00fcr Veranstalter<\/h2>\n\n\n\n<h4 class=\"wp-block-heading\"><strong>Sie k\u00f6nnen uns buchen f\u00fcr:<\/strong><\/h4>\n\n\n\n<ul class=\"wp-block-list\">\n<li>Konzerte&nbsp;<small>(z.B. 1 Set \u00e0 90 oder 120 min.)<\/small><\/li>\n\n\n\n<li>Stra\u00dfenfeste&nbsp;<small>(z.B. 3 Sets \u00e0 45 min.)<\/small><\/li>\n\n\n\n<li>Clubs&nbsp;<small>(z.B. 2 Sets \u00e0 60 min.)<\/small><\/li>\n\n\n\n<li>Parties \/ Privatfeiern&nbsp;<small>(z.B. 3 oder 4 Sets \u00e0 30 min.)<\/small><\/li>\n<\/ul>\n\n\n\n<p><small>Die Spielzeiten sind ungef\u00e4hre Angaben<\/small><\/p>\n\n\n\n<div class=\"gigstarter-button\" data-slug=\"solid\" data-version=\"1\">\n  <a href=\"https:\/\/www.gigstarter.de\/artists\/solid\" target=\"_blank\" rel=\"noopener\"> \n    <img decoding=\"async\" src=\"https:\/\/s3-eu-west-1.amazonaws.com\/gigstarter\/buch-uns.png\" alt=\"Buchen SOLID\" width=\"150\">\n  <\/a>\n<\/div>\n<script>\n  (function(d, s, id) {\n    var js, fjs = d.getElementsByTagName(s)[0];\n    if (d.getElementById(id)) return;\n    js = d.createElement(s);\n    js.id = id;\n    js.src = \"\/\/gigstarter.s3.amazonaws.com\/sdk.js\";\n    fjs.parentNode.insertBefore(js, fjs);\n  }(document, 'script', 'gigstarter-sdk'));\n<\/script>\n\n\n\n<h4 class=\"wp-block-heading\"><strong>Kontakt:<\/strong><\/h4>\n\n\n\n<p>+49 152 0947 3825 (Georg) <br>oder <a href=\"mailto:info@solid-rockband.de\">info@solid-rockband.de<\/a><\/p>\n\n\n\n<figure class=\"wp-block-table\"><table><tbody><tr><td>Tech-Rider<\/td><td>Band Foto<\/td><td>Band Logo<\/td><td>Pressebild 2<\/td><td>   Stern         <\/td><td>Werbetext<\/td><\/tr><tr><td><a href=\"https:\/\/solid-rockband.de\/wp-content\/uploads\/2025\/03\/Tech-Rider-SOLID.pdf\"><img loading=\"lazy\" decoding=\"async\" width=\"150\" height=\"158\" class=\"wp-image-232\" style=\"width: 150px;\" src=\"https:\/\/solid-rockband.de\/wp-content\/uploads\/2024\/07\/adobe-pdf-icon-logo-png-transparent-285x300-1.png\" alt=\"\"><\/a><\/td><td><a href=\"https:\/\/solid-rockband.de\/wp-content\/uploads\/2024\/05\/Solid-alle-ohne-logo-scaled.jpg\"><img loading=\"lazy\" decoding=\"async\" width=\"150\" height=\"103\" class=\"wp-image-199\" style=\"width: 150px;\" src=\"https:\/\/solid-rockband.de\/wp-content\/uploads\/2024\/05\/Solid-alle-ohne-logo-scaled.jpg\" alt=\"\" srcset=\"https:\/\/solid-rockband.de\/wp-content\/uploads\/2024\/05\/Solid-alle-ohne-logo-scaled.jpg 2560w, https:\/\/solid-rockband.de\/wp-content\/uploads\/2024\/05\/Solid-alle-ohne-logo-300x205.jpg 300w, https:\/\/solid-rockband.de\/wp-content\/uploads\/2024\/05\/Solid-alle-ohne-logo-1024x701.jpg 1024w, https:\/\/solid-rockband.de\/wp-content\/uploads\/2024\/05\/Solid-alle-ohne-logo-768x526.jpg 768w, https:\/\/solid-rockband.de\/wp-content\/uploads\/2024\/05\/Solid-alle-ohne-logo-1536x1052.jpg 1536w, https:\/\/solid-rockband.de\/wp-content\/uploads\/2024\/05\/Solid-alle-ohne-logo-2048x1402.jpg 2048w\" sizes=\"auto, (max-width: 150px) 100vw, 150px\" \/><\/a><\/td><td><a href=\"https:\/\/solid-rockband.de\/wp-content\/uploads\/2024\/01\/Solid-logo.png\"><img loading=\"lazy\" decoding=\"async\" width=\"150\" height=\"63\" class=\"wp-image-12\" style=\"width: 150px;\" src=\"https:\/\/solid-rockband.de\/wp-content\/uploads\/2024\/01\/Solid-logo.png\" alt=\"\" srcset=\"https:\/\/solid-rockband.de\/wp-content\/uploads\/2024\/01\/Solid-logo.png 1241w, https:\/\/solid-rockband.de\/wp-content\/uploads\/2024\/01\/Solid-logo-300x126.png 300w, https:\/\/solid-rockband.de\/wp-content\/uploads\/2024\/01\/Solid-logo-1024x432.png 1024w, https:\/\/solid-rockband.de\/wp-content\/uploads\/2024\/01\/Solid-logo-768x324.png 768w\" sizes=\"auto, (max-width: 150px) 100vw, 150px\" \/><\/a><\/td><td><a href=\"https:\/\/solid-rockband.de\/wp-content\/uploads\/2024\/08\/SOLID-Pressebild-400x400-1.jpg\"><img loading=\"lazy\" decoding=\"async\" width=\"150\" height=\"150\" class=\"wp-image-264\" style=\"width: 150px;\" src=\"https:\/\/solid-rockband.de\/wp-content\/uploads\/2024\/08\/SOLID-Pressebild-400x400-1.jpg\" alt=\"\" srcset=\"https:\/\/solid-rockband.de\/wp-content\/uploads\/2024\/08\/SOLID-Pressebild-400x400-1.jpg 400w, https:\/\/solid-rockband.de\/wp-content\/uploads\/2024\/08\/SOLID-Pressebild-400x400-1-300x300.jpg 300w, https:\/\/solid-rockband.de\/wp-content\/uploads\/2024\/08\/SOLID-Pressebild-400x400-1-150x150.jpg 150w\" sizes=\"auto, (max-width: 150px) 100vw, 150px\" \/><\/a><\/td><td><a href=\"https:\/\/solid-rockband.de\/wp-content\/uploads\/2025\/04\/Stern.png\"><img loading=\"lazy\" decoding=\"async\" width=\"150\" height=\"145\" class=\"wp-image-369\" style=\"width: 150px;\" src=\"https:\/\/solid-rockband.de\/wp-content\/uploads\/2025\/04\/Stern.png\" alt=\"Gelber Stern\" srcset=\"https:\/\/solid-rockband.de\/wp-content\/uploads\/2025\/04\/Stern.png 1920w, https:\/\/solid-rockband.de\/wp-content\/uploads\/2025\/04\/Stern-300x290.png 300w, https:\/\/solid-rockband.de\/wp-content\/uploads\/2025\/04\/Stern-1024x990.png 1024w, https:\/\/solid-rockband.de\/wp-content\/uploads\/2025\/04\/Stern-768x742.png 768w, https:\/\/solid-rockband.de\/wp-content\/uploads\/2025\/04\/Stern-1536x1485.png 1536w\" sizes=\"auto, (max-width: 150px) 100vw, 150px\" \/><\/a><\/td><td><a href=\"https:\/\/solid-rockband.de\/wp-content\/uploads\/2025\/07\/Werbetext-Solid.docx\"><img loading=\"lazy\" decoding=\"async\" width=\"100\" height=\"100\" class=\"wp-image-406\" style=\"width: 100px;\" src=\"https:\/\/solid-rockband.de\/wp-content\/uploads\/2025\/07\/Word.png.png\" alt=\"Word logo\" srcset=\"https:\/\/solid-rockband.de\/wp-content\/uploads\/2025\/07\/Word.png.png 512w, https:\/\/solid-rockband.de\/wp-content\/uploads\/2025\/07\/Word.png-300x300.png 300w, https:\/\/solid-rockband.de\/wp-content\/uploads\/2025\/07\/Word.png-150x150.png 150w\" sizes=\"auto, (max-width: 100px) 100vw, 100px\" \/><\/a><\/td><\/tr><\/tbody><\/table><\/figure>\n\n\n\n<p><\/p>\n\n\n\n<p><\/p>\n","protected":false},"excerpt":{"rendered":"<p>Info f\u00fcr Veranstalter Sie k\u00f6nnen uns buchen f\u00fcr: Die Spielzeiten sind ungef\u00e4hre Angaben Kontakt: +49 152 0947 3825 (Georg) oder info@solid-rockband.de Tech-Rider Band Foto Band Logo Pressebild 2 Stern Werbetext<\/p>\n","protected":false},"author":1,"featured_media":0,"parent":0,"menu_order":0,"comment_status":"closed","ping_status":"closed","template":"","meta":{"_EventAllDay":false,"_EventTimezone":"","_EventStartDate":"","_EventEndDate":"","_EventStartDateUTC":"","_EventEndDateUTC":"","_EventShowMap":false,"_EventShowMapLink":false,"_EventURL":"","_EventCost":"","_EventCostDescription":"","_EventCurrencySymbol":"","_EventCurrencyCode":"","_EventCurrencyPosition":"","_EventDateTimeSeparator":"","_EventTimeRangeSeparator":"","_EventOrganizerID":[],"_EventVenueID":[],"_OrganizerEmail":"","_OrganizerPhone":"","_OrganizerWebsite":"","_VenueAddress":"","_VenueCity":"","_VenueCountry":"","_VenueProvince":"","_VenueState":"","_VenueZip":"","_VenuePhone":"","_VenueURL":"","_VenueStateProvince":"","_VenueLat":"","_VenueLng":"","_VenueShowMap":false,"_VenueShowMapLink":false,"footnotes":""},"class_list":["post-226","page","type-page","status-publish","hentry"],"jetpack_sharing_enabled":true,"_links":{"self":[{"href":"https:\/\/solid-rockband.de\/index.php\/wp-json\/wp\/v2\/pages\/226","targetHints":{"allow":["GET"]}}],"collection":[{"href":"https:\/\/solid-rockband.de\/index.php\/wp-json\/wp\/v2\/pages"}],"about":[{"href":"https:\/\/solid-rockband.de\/index.php\/wp-json\/wp\/v2\/types\/page"}],"author":[{"embeddable":true,"href":"https:\/\/solid-rockband.de\/index.php\/wp-json\/wp\/v2\/users\/1"}],"replies":[{"embeddable":true,"href":"https:\/\/solid-rockband.de\/index.php\/wp-json\/wp\/v2\/comments?post=226"}],"version-history":[{"count":23,"href":"https:\/\/solid-rockband.de\/index.php\/wp-json\/wp\/v2\/pages\/226\/revisions"}],"predecessor-version":[{"id":408,"href":"https:\/\/solid-rockband.de\/index.php\/wp-json\/wp\/v2\/pages\/226\/revisions\/408"}],"wp:attachment":[{"href":"https:\/\/solid-rockband.de\/index.php\/wp-json\/wp\/v2\/media?parent=226"}],"curies":[{"name":"wp","href":"https:\/\/api.w.org\/{rel}","templated":true}]}}